{"id":988,"date":"2026-02-16T13:57:59","date_gmt":"2026-02-16T13:57:59","guid":{"rendered":"https:\/\/catherinerochon.com\/?page_id=988"},"modified":"2026-04-23T21:41:52","modified_gmt":"2026-04-23T21:41:52","slug":"blog","status":"publish","type":"page","link":"https:\/\/virtuelmd.com\/en\/accueil\/blog\/","title":{"rendered":"BLOG"},"content":{"rendered":"<div data-elementor-type=\"wp-page\" data-elementor-id=\"988\" class=\"elementor elementor-988\" data-elementor-post-type=\"page\">\n\t\t\t\t<div class=\"elementor-element elementor-element-5c304e2b e-flex e-con-boxed e-con e-parent\" data-id=\"5c304e2b\" data-element_type=\"container\" data-e-type=\"container\">\n\t\t\t\t\t<div class=\"e-con-inner\">\n\t\t<div class=\"elementor-element elementor-element-4df25d31 e-con-full e-flex e-con e-child\" data-id=\"4df25d31\" data-element_type=\"container\" data-e-type=\"container\">\n\t\t<div class=\"elementor-element elementor-element-3975fae9 e-con-full e-flex e-con e-child\" data-id=\"3975fae9\" data-element_type=\"container\" data-e-type=\"container\" data-settings=\"{&quot;background_background&quot;:&quot;classic&quot;}\">\n\t\t<div class=\"elementor-element elementor-element-1dff47af e-con-full e-flex e-con e-child\" data-id=\"1dff47af\" data-element_type=\"container\" data-e-type=\"container\">\n\t\t\t\t<div class=\"elementor-element elementor-element-764d5ca4 elementor-widget elementor-widget-gum_heading\" data-id=\"764d5ca4\" data-element_type=\"widget\" data-e-type=\"widget\" data-widget_type=\"gum_heading.default\">\n\t\t\t\t<div class=\"elementor-widget-container\">\n\t\t\t\t\t<div class=\"gum-widget-title\"><h1 class=\"section-main-title size-default\"><span class=\"prefix\"><\/span><span class=\"maintitle\">BLOG<\/span><span class=\"subfix\"><\/span><\/h1><\/div>\t\t\t\t<\/div>\n\t\t\t\t<\/div>\n\t\t\t\t<div class=\"elementor-element elementor-element-f62b3a4 elementor-widget elementor-widget-breadcrumbs\" data-id=\"f62b3a4\" data-element_type=\"widget\" data-e-type=\"widget\" data-widget_type=\"breadcrumbs.default\">\n\t\t\t\t\t<p id=\"breadcrumbs\"><\/p>\t\t\t\t<\/div>\n\t\t\t\t<\/div>\n\t\t\t\t<\/div>\n\t\t\t\t<\/div>\n\t\t\t\t\t<\/div>\n\t\t\t\t<\/div>\n\t\t<div class=\"elementor-element elementor-element-231d179 e-flex e-con-boxed e-con e-parent\" data-id=\"231d179\" data-element_type=\"container\" data-e-type=\"container\">\n\t\t\t\t\t<div class=\"e-con-inner\">\n\t\t<div class=\"elementor-element elementor-element-130a6cec e-con-full e-flex e-con e-child\" data-id=\"130a6cec\" data-element_type=\"container\" data-e-type=\"container\">\n\t\t<div class=\"elementor-element elementor-element-4f834094 e-con-full e-flex e-con e-child\" data-id=\"4f834094\" data-element_type=\"container\" data-e-type=\"container\">\n\t\t\t\t<div class=\"elementor-element elementor-element-61db817a elementor-widget elementor-widget-heading\" data-id=\"61db817a\" data-element_type=\"widget\" data-e-type=\"widget\" data-widget_type=\"heading.default\">\n\t\t\t\t\t<div class=\"elementor-heading-title elementor-size-default\">LE BLOG SANT\u00c9<\/div>\t\t\t\t<\/div>\n\t\t\t\t<div class=\"elementor-element elementor-element-4d0922c5 elementor-widget elementor-widget-elementskit-heading\" data-id=\"4d0922c5\" data-element_type=\"widget\" data-e-type=\"widget\" data-widget_type=\"elementskit-heading.default\">\n\t\t\t\t\t<div class=\"ekit-wid-con\" ><div class=\"ekit-heading elementskit-section-title-wraper text_center   ekit_heading_tablet-   ekit_heading_mobile-\"><h2 class=\"ekit-heading--title elementskit-section-title\">Explorez nos derniers <span><span>conseils, actualit\u00e9s et strat\u00e9gies <\/span><\/span> <\/h2><\/div><\/div>\t\t\t\t<\/div>\n\t\t\t\t<\/div>\n\t\t<div class=\"elementor-element elementor-element-502176fe e-con-full e-grid e-con e-child\" data-id=\"502176fe\" data-element_type=\"container\" data-e-type=\"container\">\n\t\t<div class=\"elementor-element elementor-element-25d48b05 e-con-full e-flex e-con e-child\" data-id=\"25d48b05\" data-element_type=\"container\" data-e-type=\"container\" data-settings=\"{&quot;background_background&quot;:&quot;classic&quot;}\">\n\t\t\t\t<div class=\"elementor-element elementor-element-3125ebb0 post-grid-col-1 elementor-post-meta-divider-text post-grid-col-mobile-1 elementor-widget elementor-widget-gum_posts_grid\" data-id=\"3125ebb0\" data-element_type=\"widget\" data-e-type=\"widget\" data-widget_type=\"gum_posts_grid.default\">\n\t\t\t\t<div class=\"elementor-widget-container\">\n\t\t\t\t\t<div class=\"grid-posts\"><div class=\"grid-post grid-col-1 image-position-top\"><article id=\"post-9506\" class=\"post-9506 post type-post status-publish format-standard has-post-thumbnail hentry category-sante-hormonale-feminine-2 tag-clinique-virtuelle tag-consultation-en-ligne tag-desequilibre-hormonale tag-equilibre-hormonal tag-hormones-feminines tag-hormonotherapie-bio-identique tag-medecin-en-ligne tag-menopause tag-osteoporose tag-perimenopause tag-premenopause tag-prevention-sante-femme tag-sante-cardiovasculaire-femme tag-sante-des-femmes-40-ans-et-plus tag-sante-en-ligne-quebec tag-sante-hormonale tag-telemedecine tag-vieillissement-hormonal tag-22\">\r\n      <div class=\"post-top\">\r\n<ul class=\"meta-position-before posts-meta\"><\/ul>        <div class=\"blog-image\" style=\"background-image: url('https:\/\/virtuelmd.com\/wp-content\/uploads\/2026\/02\/Creation-sans-titre-40.png');\"><img decoding=\"async\" src=\"https:\/\/virtuelmd.com\/wp-content\/uploads\/2026\/02\/Creation-sans-titre-40.png\" title=\"\" alt=\"\" \/><\/div>\r\n    <ul class=\"meta-position-after posts-meta\"><\/ul>  <\/div>\r\n        <div class=\"post-content\">\r\n      <ul class=\"meta-position-top posts-meta\"><li class=\"list-meta date_meta\"><span class=\"meta-text\">April 25, 2026<\/span><\/li><li class=\"meta-divider\"><span>||<\/span><\/li><li class=\"list-meta author_meta\"><span class=\"meta-text\">Dr. Philippe Rohe<\/span><\/li><li class=\"meta-divider\"><span>||<\/span><\/li><li class=\"list-meta category_meta\"><a href=\"https:\/\/virtuelmd.com\/en\/category\/sante-hormonale-feminine-2\/\"><span class=\"meta-text\">Female Hormone Health<\/span><\/a><\/li><\/ul><h6 class=\"post-title\"><a href=\"https:\/\/virtuelmd.com\/en\/hormonotherapie-bio-identique-et-medecine-anti-age-au-feminin\/\">Bioidentical hormone therapy and anti-aging medicine for women.<\/a><\/h6><ul class=\"meta-position-mid posts-meta\"><\/ul>      <div class=\"content-excerpt clearfix\">Hormonoth\u00e9rapie bio-identique\u00a0et m\u00e9decine anti-\u00e2ge au f\u00e9minin. Dr Philippe Rohe | avril 25, 2026 | Sant\u00e9 hormonale<\/div>      <ul class=\"meta-position-content posts-meta\"><\/ul>        <\/div>\r\n  <ul class=\"meta-position-bottom posts-meta\"><\/ul><\/article>\r\n<\/div><\/div><div class=\"not-empty\">&nbsp;<\/div>\t\t\t\t<\/div>\n\t\t\t\t<\/div>\n\t\t\t\t<\/div>\n\t\t<div class=\"elementor-element elementor-element-4cdfafb2 e-con-full e-flex e-con e-child\" data-id=\"4cdfafb2\" data-element_type=\"container\" data-e-type=\"container\" data-settings=\"{&quot;background_background&quot;:&quot;classic&quot;}\">\n\t\t\t\t<div class=\"elementor-element elementor-element-7c257d0b post-grid-col-1 elementor-post-meta-divider-text post-grid-col-mobile-1 elementor-widget elementor-widget-gum_posts_grid\" data-id=\"7c257d0b\" data-element_type=\"widget\" data-e-type=\"widget\" data-widget_type=\"gum_posts_grid.default\">\n\t\t\t\t<div class=\"elementor-widget-container\">\n\t\t\t\t\t<div class=\"grid-posts\"><div class=\"grid-post grid-col-1 image-position-top\"><article id=\"post-9448\" class=\"post-9448 post type-post status-publish format-standard has-post-thumbnail hentry category-securite-et-confidentialite category-telemedecine\">\r\n      <div class=\"post-top\">\r\n<ul class=\"meta-position-before posts-meta\"><\/ul>        <div class=\"blog-image\" style=\"background-image: url('https:\/\/virtuelmd.com\/wp-content\/uploads\/2026\/04\/Creation-sans-titre-28.jpg');\"><img decoding=\"async\" src=\"https:\/\/virtuelmd.com\/wp-content\/uploads\/2026\/04\/Creation-sans-titre-28.jpg\" title=\"\" alt=\"\" \/><\/div>\r\n    <ul class=\"meta-position-after posts-meta\"><\/ul>  <\/div>\r\n        <div class=\"post-content\">\r\n      <ul class=\"meta-position-top posts-meta\"><li class=\"list-meta date_meta\"><span class=\"meta-text\">April 23, 2026<\/span><\/li><li class=\"meta-divider\"><span>||<\/span><\/li><li class=\"list-meta author_meta\"><span class=\"meta-text\">Catherine Rochon<\/span><\/li><li class=\"meta-divider\"><span>||<\/span><\/li><li class=\"list-meta category_meta\"><a href=\"https:\/\/virtuelmd.com\/en\/category\/securite-et-confidentialite\/\"><span class=\"meta-text\">Security and Privacy<\/span><\/a><\/li><\/ul><h6 class=\"post-title\"><a href=\"https:\/\/virtuelmd.com\/en\/securite-des-donnees-en-telemedecine-comment-virtuel-md-protege-votre-vie-privee\/\">Telemedicine Data Security: How Virtuel MD Protects Your Privacy<\/a><\/h6><ul class=\"meta-position-mid posts-meta\"><\/ul>      <div class=\"content-excerpt clearfix\">S\u00e9curit\u00e9 des donn\u00e9es en t\u00e9l\u00e9m\u00e9decine : Comment Virtuel MD prot\u00e8ge votre vie priv\u00e9e S\u00e9curit\u00e9 des donn\u00e9es<\/div>      <ul class=\"meta-position-content posts-meta\"><\/ul>        <\/div>\r\n  <ul class=\"meta-position-bottom posts-meta\"><\/ul><\/article>\r\n<\/div><\/div><div class=\"not-empty\">&nbsp;<\/div>\t\t\t\t<\/div>\n\t\t\t\t<\/div>\n\t\t\t\t<\/div>\n\t\t<div class=\"elementor-element elementor-element-4e260fa1 e-con-full e-flex e-con e-child\" data-id=\"4e260fa1\" data-element_type=\"container\" data-e-type=\"container\" data-settings=\"{&quot;background_background&quot;:&quot;classic&quot;}\">\n\t\t\t\t<div class=\"elementor-element elementor-element-3e0ccdff post-grid-col-1 elementor-post-meta-divider-text post-grid-col-mobile-1 elementor-widget elementor-widget-gum_posts_grid\" data-id=\"3e0ccdff\" data-element_type=\"widget\" data-e-type=\"widget\" data-widget_type=\"gum_posts_grid.default\">\n\t\t\t\t<div class=\"elementor-widget-container\">\n\t\t\t\t\t<div class=\"grid-posts\"><div class=\"grid-post grid-col-1 image-position-top\"><article id=\"post-9418\" class=\"post-9418 post type-post status-publish format-standard has-post-thumbnail hentry category-telemedecine\">\r\n      <div class=\"post-top\">\r\n<ul class=\"meta-position-before posts-meta\"><\/ul>        <div class=\"blog-image\" style=\"background-image: url('https:\/\/virtuelmd.com\/wp-content\/uploads\/2026\/04\/69d2cbd4b7eaa-1-scaled.jpg');\"><img decoding=\"async\" src=\"https:\/\/virtuelmd.com\/wp-content\/uploads\/2026\/04\/69d2cbd4b7eaa-1-scaled.jpg\" title=\"\" alt=\"\" \/><\/div>\r\n    <ul class=\"meta-position-after posts-meta\"><\/ul>  <\/div>\r\n        <div class=\"post-content\">\r\n      <ul class=\"meta-position-top posts-meta\"><li class=\"list-meta date_meta\"><span class=\"meta-text\">April 23, 2026<\/span><\/li><li class=\"meta-divider\"><span>||<\/span><\/li><li class=\"list-meta author_meta\"><span class=\"meta-text\">Dr. Philippe Rohe<\/span><\/li><li class=\"meta-divider\"><span>||<\/span><\/li><li class=\"list-meta category_meta\"><a href=\"https:\/\/virtuelmd.com\/en\/category\/telemedecine\/\"><span class=\"meta-text\">Telemedicine<\/span><\/a><\/li><\/ul><h6 class=\"post-title\"><a href=\"https:\/\/virtuelmd.com\/en\/clinique-virtuelle-privee-pourquoi-choisir-la-telemedecine-au-quebec\/\">Private Virtual Clinic: Why Choose Telemedicine in Quebec?<\/a><\/h6><ul class=\"meta-position-mid posts-meta\"><\/ul>      <div class=\"content-excerpt clearfix\">Clinique virtuelle priv\u00e9e : Pourquoi choisir la t\u00e9l\u00e9m\u00e9decine au Qu\u00e9bec ? Clinique virtuelle priv\u00e9e : Pourquoi<\/div>      <ul class=\"meta-position-content posts-meta\"><\/ul>        <\/div>\r\n  <ul class=\"meta-position-bottom posts-meta\"><\/ul><\/article>\r\n<\/div><\/div><div class=\"not-empty\">&nbsp;<\/div>\t\t\t\t<\/div>\n\t\t\t\t<\/div>\n\t\t\t\t<\/div>\n\t\t<div class=\"elementor-element elementor-element-1de25b00 e-con-full e-flex e-con e-child\" data-id=\"1de25b00\" data-element_type=\"container\" data-e-type=\"container\" data-settings=\"{&quot;background_background&quot;:&quot;classic&quot;}\">\n\t\t\t\t<\/div>\n\t\t<div class=\"elementor-element elementor-element-699c757c e-con-full e-flex e-con e-child\" data-id=\"699c757c\" data-element_type=\"container\" data-e-type=\"container\" data-settings=\"{&quot;background_background&quot;:&quot;classic&quot;}\">\n\t\t\t\t<\/div>\n\t\t<div class=\"elementor-element elementor-element-5d96daac e-con-full e-flex e-con e-child\" data-id=\"5d96daac\" data-element_type=\"container\" data-e-type=\"container\" data-settings=\"{&quot;background_background&quot;:&quot;classic&quot;}\">\n\t\t\t\t<\/div>\n\t\t\t\t<\/div>\n\t\t\t\t<\/div>\n\t\t\t\t\t<\/div>\n\t\t\t\t<\/div>\n\t\t\t\t<\/div>","protected":false},"excerpt":{"rendered":"<p>BLOG LE BLOG SANT\u00c9 Explorez nos derniers conseils, actualit\u00e9s et strat\u00e9gies avril 23, 2026 || Catou || T\u00e9l\u00e9m\u00e9decine Clinique virtuelle priv\u00e9e : Pourquoi choisir la t\u00e9l\u00e9m\u00e9decine au Qu\u00e9bec ? Clinique virtuelle priv\u00e9e : Pourquoi choisir la t\u00e9l\u00e9m\u00e9decine au Qu\u00e9bec ? Clinique virtuelle priv\u00e9e : Pourquoi &nbsp;<\/p>","protected":false},"author":1,"featured_media":1917,"parent":1925,"menu_order":0,"comment_status":"closed","ping_status":"closed","template":"","meta":{"footnotes":""},"class_list":["post-988","page","type-page","status-publish","has-post-thumbnail","hentry"],"yoast_head":"<!-- This site is optimized with the Yoast SEO plugin v27.6 - https:\/\/yoast.com\/product\/yoast-seo-wordpress\/ -->\n<title>Blog Sant\u00e9 | Virtuel MD T\u00e9l\u00e9m\u00e9decine<\/title>\n<meta name=\"description\" content=\"Conseils sant\u00e9, pr\u00e9vention et informations m\u00e9dicales. D\u00e9couvrez nos articles r\u00e9dig\u00e9s par des professionnels de la sant\u00e9 au Qu\u00e9bec.\" \/>\n<meta name=\"robots\" content=\"index, follow, max-snippet:-1, max-image-preview:large, max-video-preview:-1\" \/>\n<link rel=\"canonical\" href=\"https:\/\/virtuelmd.com\/en\/accueil\/blog\/\" \/>\n<meta property=\"og:locale\" content=\"en_US\" \/>\n<meta property=\"og:type\" content=\"article\" \/>\n<meta property=\"og:title\" content=\"Blog Sant\u00e9 | Virtuel MD T\u00e9l\u00e9m\u00e9decine\" \/>\n<meta property=\"og:description\" content=\"Conseils sant\u00e9, pr\u00e9vention et informations m\u00e9dicales. D\u00e9couvrez nos articles r\u00e9dig\u00e9s par des professionnels de la sant\u00e9 au Qu\u00e9bec.\" \/>\n<meta property=\"og:url\" content=\"https:\/\/virtuelmd.com\/en\/accueil\/blog\/\" \/>\n<meta property=\"og:site_name\" content=\"Virtuel MD T\u00e9l\u00e9m\u00e9decine\" \/>\n<meta property=\"article:modified_time\" content=\"2026-04-23T21:41:52+00:00\" \/>\n<meta property=\"og:image\" content=\"https:\/\/virtuelmd.com\/wp-content\/uploads\/2026\/02\/7xm777344.jpg\" \/>\n\t<meta property=\"og:image:width\" content=\"2448\" \/>\n\t<meta property=\"og:image:height\" content=\"1632\" \/>\n\t<meta property=\"og:image:type\" content=\"image\/jpeg\" \/>\n<meta name=\"twitter:card\" content=\"summary_large_image\" \/>\n<meta name=\"twitter:label1\" content=\"Est. reading time\" \/>\n\t<meta name=\"twitter:data1\" content=\"1 minute\" \/>\n<script type=\"application\/ld+json\" class=\"yoast-schema-graph\">{\"@context\":\"https:\\\/\\\/schema.org\",\"@graph\":[{\"@type\":\"WebPage\",\"@id\":\"https:\\\/\\\/virtuelmd.com\\\/accueil\\\/blog\\\/\",\"url\":\"https:\\\/\\\/virtuelmd.com\\\/accueil\\\/blog\\\/\",\"name\":\"Blog Sant\u00e9 | Virtuel MD T\u00e9l\u00e9m\u00e9decine\",\"isPartOf\":{\"@id\":\"https:\\\/\\\/virtuelmd.com\\\/#website\"},\"primaryImageOfPage\":{\"@id\":\"https:\\\/\\\/virtuelmd.com\\\/accueil\\\/blog\\\/#primaryimage\"},\"image\":{\"@id\":\"https:\\\/\\\/virtuelmd.com\\\/accueil\\\/blog\\\/#primaryimage\"},\"thumbnailUrl\":\"https:\\\/\\\/virtuelmd.com\\\/wp-content\\\/uploads\\\/2026\\\/02\\\/7xm777344.jpg\",\"datePublished\":\"2026-02-16T13:57:59+00:00\",\"dateModified\":\"2026-04-23T21:41:52+00:00\",\"description\":\"Conseils sant\u00e9, pr\u00e9vention et informations m\u00e9dicales. D\u00e9couvrez nos articles r\u00e9dig\u00e9s par des professionnels de la sant\u00e9 au Qu\u00e9bec.\",\"breadcrumb\":{\"@id\":\"https:\\\/\\\/virtuelmd.com\\\/accueil\\\/blog\\\/#breadcrumb\"},\"inLanguage\":\"en-CA\",\"potentialAction\":[{\"@type\":\"ReadAction\",\"target\":[\"https:\\\/\\\/virtuelmd.com\\\/accueil\\\/blog\\\/\"]}]},{\"@type\":\"ImageObject\",\"inLanguage\":\"en-CA\",\"@id\":\"https:\\\/\\\/virtuelmd.com\\\/accueil\\\/blog\\\/#primaryimage\",\"url\":\"https:\\\/\\\/virtuelmd.com\\\/wp-content\\\/uploads\\\/2026\\\/02\\\/7xm777344.jpg\",\"contentUrl\":\"https:\\\/\\\/virtuelmd.com\\\/wp-content\\\/uploads\\\/2026\\\/02\\\/7xm777344.jpg\",\"width\":2448,\"height\":1632},{\"@type\":\"BreadcrumbList\",\"@id\":\"https:\\\/\\\/virtuelmd.com\\\/accueil\\\/blog\\\/#breadcrumb\",\"itemListElement\":[{\"@type\":\"ListItem\",\"position\":1,\"name\":\"ACCUEIL\",\"item\":\"https:\\\/\\\/virtuelmd.com\\\/\"},{\"@type\":\"ListItem\",\"position\":2,\"name\":\"BLOG\"}]},{\"@type\":\"WebSite\",\"@id\":\"https:\\\/\\\/virtuelmd.com\\\/#website\",\"url\":\"https:\\\/\\\/virtuelmd.com\\\/\",\"name\":\"Virtuel MD T\u00e9l\u00e9m\u00e9decine\",\"description\":\"T\u00e9l\u00e9consultation m\u00e9dicale en ligne d\u00e8s 139$. Simple, rapide et accessible partout au Qu\u00e9bec, 7 jours sur 7.\",\"publisher\":{\"@id\":\"https:\\\/\\\/virtuelmd.com\\\/#organization\"},\"potentialAction\":[{\"@type\":\"SearchAction\",\"target\":{\"@type\":\"EntryPoint\",\"urlTemplate\":\"https:\\\/\\\/virtuelmd.com\\\/?s={search_term_string}\"},\"query-input\":{\"@type\":\"PropertyValueSpecification\",\"valueRequired\":true,\"valueName\":\"search_term_string\"}}],\"inLanguage\":\"en-CA\"},{\"@type\":\"Organization\",\"@id\":\"https:\\\/\\\/virtuelmd.com\\\/#organization\",\"name\":\"Virtuel MD T\u00e9l\u00e9m\u00e9decine\",\"url\":\"https:\\\/\\\/virtuelmd.com\\\/\",\"logo\":{\"@type\":\"ImageObject\",\"inLanguage\":\"en-CA\",\"@id\":\"https:\\\/\\\/virtuelmd.com\\\/#\\\/schema\\\/logo\\\/image\\\/\",\"url\":\"https:\\\/\\\/virtuelmd.com\\\/wp-content\\\/uploads\\\/2026\\\/01\\\/VIRTUEL-MD-3.png\",\"contentUrl\":\"https:\\\/\\\/virtuelmd.com\\\/wp-content\\\/uploads\\\/2026\\\/01\\\/VIRTUEL-MD-3.png\",\"width\":2000,\"height\":2000,\"caption\":\"Virtuel MD T\u00e9l\u00e9m\u00e9decine\"},\"image\":{\"@id\":\"https:\\\/\\\/virtuelmd.com\\\/#\\\/schema\\\/logo\\\/image\\\/\"}}]}<\/script>\n<!-- \/ Yoast SEO plugin. -->","yoast_head_json":{"title":"Blog Sant\u00e9 | Virtuel MD T\u00e9l\u00e9m\u00e9decine","description":"Conseils sant\u00e9, pr\u00e9vention et informations m\u00e9dicales. D\u00e9couvrez nos articles r\u00e9dig\u00e9s par des professionnels de la sant\u00e9 au Qu\u00e9bec.","robots":{"index":"index","follow":"follow","max-snippet":"max-snippet:-1","max-image-preview":"max-image-preview:large","max-video-preview":"max-video-preview:-1"},"canonical":"https:\/\/virtuelmd.com\/en\/accueil\/blog\/","og_locale":"en_US","og_type":"article","og_title":"Blog Sant\u00e9 | Virtuel MD T\u00e9l\u00e9m\u00e9decine","og_description":"Conseils sant\u00e9, pr\u00e9vention et informations m\u00e9dicales. D\u00e9couvrez nos articles r\u00e9dig\u00e9s par des professionnels de la sant\u00e9 au Qu\u00e9bec.","og_url":"https:\/\/virtuelmd.com\/en\/accueil\/blog\/","og_site_name":"Virtuel MD T\u00e9l\u00e9m\u00e9decine","article_modified_time":"2026-04-23T21:41:52+00:00","og_image":[{"width":2448,"height":1632,"url":"https:\/\/virtuelmd.com\/wp-content\/uploads\/2026\/02\/7xm777344.jpg","type":"image\/jpeg"}],"twitter_card":"summary_large_image","twitter_misc":{"Est. reading time":"1 minute"},"schema":{"@context":"https:\/\/schema.org","@graph":[{"@type":"WebPage","@id":"https:\/\/virtuelmd.com\/accueil\/blog\/","url":"https:\/\/virtuelmd.com\/accueil\/blog\/","name":"Blog Sant\u00e9 | Virtuel MD T\u00e9l\u00e9m\u00e9decine","isPartOf":{"@id":"https:\/\/virtuelmd.com\/#website"},"primaryImageOfPage":{"@id":"https:\/\/virtuelmd.com\/accueil\/blog\/#primaryimage"},"image":{"@id":"https:\/\/virtuelmd.com\/accueil\/blog\/#primaryimage"},"thumbnailUrl":"https:\/\/virtuelmd.com\/wp-content\/uploads\/2026\/02\/7xm777344.jpg","datePublished":"2026-02-16T13:57:59+00:00","dateModified":"2026-04-23T21:41:52+00:00","description":"Conseils sant\u00e9, pr\u00e9vention et informations m\u00e9dicales. D\u00e9couvrez nos articles r\u00e9dig\u00e9s par des professionnels de la sant\u00e9 au Qu\u00e9bec.","breadcrumb":{"@id":"https:\/\/virtuelmd.com\/accueil\/blog\/#breadcrumb"},"inLanguage":"en-CA","potentialAction":[{"@type":"ReadAction","target":["https:\/\/virtuelmd.com\/accueil\/blog\/"]}]},{"@type":"ImageObject","inLanguage":"en-CA","@id":"https:\/\/virtuelmd.com\/accueil\/blog\/#primaryimage","url":"https:\/\/virtuelmd.com\/wp-content\/uploads\/2026\/02\/7xm777344.jpg","contentUrl":"https:\/\/virtuelmd.com\/wp-content\/uploads\/2026\/02\/7xm777344.jpg","width":2448,"height":1632},{"@type":"BreadcrumbList","@id":"https:\/\/virtuelmd.com\/accueil\/blog\/#breadcrumb","itemListElement":[{"@type":"ListItem","position":1,"name":"ACCUEIL","item":"https:\/\/virtuelmd.com\/"},{"@type":"ListItem","position":2,"name":"BLOG"}]},{"@type":"WebSite","@id":"https:\/\/virtuelmd.com\/#website","url":"https:\/\/virtuelmd.com\/","name":"Virtuel MD T\u00e9l\u00e9m\u00e9decine","description":"Online medical teleconsultation from $139$. Simple, fast, and accessible everywhere in Quebec, 7 days a week.","publisher":{"@id":"https:\/\/virtuelmd.com\/#organization"},"potentialAction":[{"@type":"SearchAction","target":{"@type":"EntryPoint","urlTemplate":"https:\/\/virtuelmd.com\/?s={search_term_string}"},"query-input":{"@type":"PropertyValueSpecification","valueRequired":true,"valueName":"search_term_string"}}],"inLanguage":"en-CA"},{"@type":"Organization","@id":"https:\/\/virtuelmd.com\/#organization","name":"Virtuel MD T\u00e9l\u00e9m\u00e9decine","url":"https:\/\/virtuelmd.com\/","logo":{"@type":"ImageObject","inLanguage":"en-CA","@id":"https:\/\/virtuelmd.com\/#\/schema\/logo\/image\/","url":"https:\/\/virtuelmd.com\/wp-content\/uploads\/2026\/01\/VIRTUEL-MD-3.png","contentUrl":"https:\/\/virtuelmd.com\/wp-content\/uploads\/2026\/01\/VIRTUEL-MD-3.png","width":2000,"height":2000,"caption":"Virtuel MD T\u00e9l\u00e9m\u00e9decine"},"image":{"@id":"https:\/\/virtuelmd.com\/#\/schema\/logo\/image\/"}}]}},"_links":{"self":[{"href":"https:\/\/virtuelmd.com\/en\/wp-json\/wp\/v2\/pages\/988","targetHints":{"allow":["GET"]}}],"collection":[{"href":"https:\/\/virtuelmd.com\/en\/wp-json\/wp\/v2\/pages"}],"about":[{"href":"https:\/\/virtuelmd.com\/en\/wp-json\/wp\/v2\/types\/page"}],"author":[{"embeddable":true,"href":"https:\/\/virtuelmd.com\/en\/wp-json\/wp\/v2\/users\/1"}],"replies":[{"embeddable":true,"href":"https:\/\/virtuelmd.com\/en\/wp-json\/wp\/v2\/comments?post=988"}],"version-history":[{"count":36,"href":"https:\/\/virtuelmd.com\/en\/wp-json\/wp\/v2\/pages\/988\/revisions"}],"predecessor-version":[{"id":9447,"href":"https:\/\/virtuelmd.com\/en\/wp-json\/wp\/v2\/pages\/988\/revisions\/9447"}],"up":[{"embeddable":true,"href":"https:\/\/virtuelmd.com\/en\/wp-json\/wp\/v2\/pages\/1925"}],"wp:featuredmedia":[{"embeddable":true,"href":"https:\/\/virtuelmd.com\/en\/wp-json\/wp\/v2\/media\/1917"}],"wp:attachment":[{"href":"https:\/\/virtuelmd.com\/en\/wp-json\/wp\/v2\/media?parent=988"}],"curies":[{"name":"wp","href":"https:\/\/api.w.org\/{rel}","templated":true}]}}